{"id":2727,"date":"2023-11-14T16:29:52","date_gmt":"2023-11-14T16:29:52","guid":{"rendered":"https:\/\/pikpakbutor.eu\/de\/?page_id=2727"},"modified":"2025-02-28T11:47:02","modified_gmt":"2025-02-28T11:47:02","slug":"haufig-gestellte-fragen","status":"publish","type":"page","link":"https:\/\/pikpakbutor.eu\/de\/haufig-gestellte-fragen\/","title":{"rendered":"H\u00e4ufig gestellte Fragen"},"content":{"rendered":"<div class=\"fusion-fullwidth fullwidth-box fusion-builder-row-1 fusion-flex-container has-pattern-background has-mask-background nonhundred-percent-fullwidth non-hundred-percent-height-scrolling\" style=\"--awb-border-radius-top-left:0px;--awb-border-radius-top-right:0px;--awb-border-radius-bottom-right:0px;--awb-border-radius-bottom-left:0px;--awb-margin-top:100px;--awb-margin-bottom:60px;--awb-flex-wrap:wrap;\" ><div class=\"fusion-builder-row fusion-row fusion-flex-align-items-flex-start fusion-flex-content-wrap\" style=\"max-width:calc( 1320px + 110px );margin-left: calc(-110px \/ 2 );margin-right: calc(-110px \/ 2 );\"><div class=\"fusion-layout-column fusion_builder_column fusion-builder-column-0 fusion_builder_column_1_1 1_1 fusion-flex-column\" style=\"--awb-bg-size:cover;--awb-width-large:100%;--awb-margin-top-large:0px;--awb-spacing-right-large:55px;--awb-margin-bottom-large:0px;--awb-spacing-left-large:55px;--awb-width-medium:100%;--awb-order-medium:0;--awb-spacing-right-medium:55px;--awb-spacing-left-medium:55px;--awb-width-small:100%;--awb-order-small:0;--awb-spacing-right-small:55px;--awb-spacing-left-small:55px;\"><div class=\"fusion-column-wrapper fusion-column-has-shadow fusion-flex-justify-content-flex-start fusion-content-layout-column\"><div class=\"fusion-title title fusion-title-1 fusion-sep-none fusion-title-center fusion-title-text fusion-title-size-two\" style=\"--awb-margin-bottom:40px;\"><h2 class=\"fusion-title-heading title-heading-center\" style=\"margin:0;\">H\u00e4ufig gestellte Fragen<\/h2><\/div><\/div><\/div><div class=\"fusion-layout-column fusion_builder_column fusion-builder-column-1 fusion_builder_column_1_2 1_2 fusion-flex-column\" style=\"--awb-bg-size:cover;--awb-width-large:50%;--awb-margin-top-large:0px;--awb-spacing-right-large:55px;--awb-margin-bottom-large:0px;--awb-spacing-left-large:55px;--awb-width-medium:50%;--awb-order-medium:0;--awb-spacing-right-medium:55px;--awb-spacing-left-medium:55px;--awb-width-small:100%;--awb-order-small:0;--awb-spacing-right-small:55px;--awb-spacing-left-small:55px;\"><div class=\"fusion-column-wrapper fusion-column-has-shadow fusion-flex-justify-content-flex-start fusion-content-layout-column\"><div class=\"fusion-text fusion-text-1\"><h4>Herstellung von K\u00fcchenm\u00f6beln<\/h4>\n<\/div><style type=\"text\/css\">.fusion-faqs-wrapper #accordian-1 .fusion-panel { border-color:hsla(var(--awb-color2-h),var(--awb-color2-s),calc(var(--awb-color2-l) - 5%),var(--awb-color2-a)); }.fusion-faqs-wrapper #accordian-1 .fusion-panel:hover{ border-color: var(--awb-color3); }.fusion-accordian #accordian-1 .panel-title a .fa-fusion-box:before{ font-size: 16px;width: 16px;}.fusion-accordian #accordian-1 .panel-title a .fa-fusion-box{ color: var(--awb-color1);}.fusion-accordian #accordian-1.fusion-toggle-icon-right .fusion-toggle-heading{ margin-right: 34px;}.fusion-accordian  #accordian-1 .panel-title a{font-size:20px;font-family:var(--awb-typography1-font-family);font-weight:var(--awb-typography1-font-weight);font-style:var(--awb-typography1-font-style);}.fusion-accordian  #accordian-1 .panel-title a:not(:hover){}.fusion-accordian  #accordian-1 .toggle-content{font-family:var(--awb-typography4-font-family);font-weight:var(--awb-typography4-font-weight);font-style:var(--awb-typography4-font-style);}.fusion-accordian #accordian-1 .fa-fusion-box { background-color: var(--awb-color4) !important;border-color: var(--awb-color4) !important;}.fusion-accordian #accordian-1 .panel-title a:hover,.fusion-accordian #accordian-1 .panel-title a.hover { color: var(--awb-color5);}.fusion-faq-shortcode .fusion-accordian #accordian-1 .fusion-toggle-boxed-mode:hover .panel-title a { color: var(--awb-color5);}.fusion-accordian #accordian-1 .panel-title .active .fa-fusion-box,.fusion-accordian #accordian-1 .panel-title a:hover .fa-fusion-box,.fusion-accordian #accordian-1 .panel-title a.hover .fa-fusion-box { background-color: var(--awb-color5)!important;border-color: var(--awb-color5)!important;}.fusion-faqs-wrapper .fusion-accordian  #accordian-1 .fusion-panel {padding-top: 8px;padding-bottom: 8px;}<\/style><div class=\"fusion-faq-shortcode\" style=\"\"><div class=\"fusion-faqs-wrapper\"><div class=\"accordian fusion-accordian\"><div class=\"panel-group  fusion-toggle-icon-right\" id=\"accordian-1\"><div class=\"fusion-panel panel-default fusion-faq-post fusion-faq-post-3633 konyhabutor-keszites \"><span class=\"entry-title rich-snippet-hidden\">Was kann ich tun, wenn ich die abgeschlossenen Pl\u00e4ne \u00e4ndern m\u00f6chte?<\/span><span class=\"vcard rich-snippet-hidden\"><span class=\"fn\"><a href=\"https:\/\/pikpakbutor.eu\/de\/author\/laci\/\" title=\"Cserven\u00e1k L\u00e1szl\u00f3 bejegyz\u00e9se\" rel=\"author\">Cserven\u00e1k L\u00e1szl\u00f3<\/a><\/span><\/span><span class=\"updated rich-snippet-hidden\">2025-02-27T14:17:19+00:00<\/span><div class=\"panel-heading\"><h4 id=\"faq_1-3633\" class=\"panel-title toggle\"><a data-toggle=\"collapse\" class=\"collapsed\" data-parent=\"#accordian-1\" data-target=\"#collapse-1-3633\" href=\"#collapse-1-3633\" aria-expanded=\"false\"><div class=\"fusion-toggle-icon-wrapper\"><div class=\"fusion-toggle-icon-wrapper-main\"><div class=\"fusion-toggle-icon-wrapper-sub\"><i class=\"fa-fusion-box active-icon awb-icon-minus\" aria-hidden=\"true\"><\/i><i class=\"fa-fusion-box inactive-icon awb-icon-plus\" aria-hidden=\"true\"><\/i><\/div><\/div><\/div><div class=\"fusion-toggle-heading\">Was kann ich tun, wenn ich die abgeschlossenen Pl\u00e4ne \u00e4ndern m\u00f6chte?<\/div><\/a><\/h4><\/div><div id=\"collapse-1-3633\" aria-labelledby=\"faq_1-3633\" class=\"panel-collapse collapse\"><div class=\"panel-body toggle-content post-content\"><p>Designs k\u00f6nnen vor Produktionsbeginn jederzeit ge\u00e4ndert werden. Sollten sich \u00c4nderungen ergeben, nehmen Sie bitte m\u00f6glichst zeitnah Kontakt mit uns auf, damit wir Ihre neuen Vorstellungen ber\u00fccksichtigen k\u00f6nnen.<\/p>\n<\/div><\/div><\/div><div class=\"fusion-panel panel-default fusion-faq-post fusion-faq-post-3631 konyhabutor-keszites \"><span class=\"entry-title rich-snippet-hidden\">Gibt es die M\u00f6glichkeit, bei der Gestaltung der K\u00fcche aktiv mitzuwirken?<\/span><span class=\"vcard rich-snippet-hidden\"><span class=\"fn\"><a href=\"https:\/\/pikpakbutor.eu\/de\/author\/laci\/\" title=\"Cserven\u00e1k L\u00e1szl\u00f3 bejegyz\u00e9se\" rel=\"author\">Cserven\u00e1k L\u00e1szl\u00f3<\/a><\/span><\/span><span class=\"updated rich-snippet-hidden\">2025-02-27T14:20:54+00:00<\/span><div class=\"panel-heading\"><h4 id=\"faq_1-3631\" class=\"panel-title toggle\"><a data-toggle=\"collapse\" class=\"collapsed\" data-parent=\"#accordian-1\" data-target=\"#collapse-1-3631\" href=\"#collapse-1-3631\" aria-expanded=\"false\"><div class=\"fusion-toggle-icon-wrapper\"><div class=\"fusion-toggle-icon-wrapper-main\"><div class=\"fusion-toggle-icon-wrapper-sub\"><i class=\"fa-fusion-box active-icon awb-icon-minus\" aria-hidden=\"true\"><\/i><i class=\"fa-fusion-box inactive-icon awb-icon-plus\" aria-hidden=\"true\"><\/i><\/div><\/div><\/div><div class=\"fusion-toggle-heading\">Gibt es die M\u00f6glichkeit, bei der Gestaltung der K\u00fcche aktiv mitzuwirken?<\/div><\/a><\/h4><\/div><div id=\"collapse-1-3631\" aria-labelledby=\"faq_1-3631\" class=\"panel-collapse collapse\"><div class=\"panel-body toggle-content post-content\"><p>Nat\u00fcrlich ist es wichtig, unsere Kunden in den Designprozess einzubeziehen. Um sicherzustellen, dass das Endergebnis in jeder Hinsicht Ihren Erwartungen entspricht, stehen wir im st\u00e4ndigen Dialog mit Ihnen.<\/p>\n<\/div><\/div><\/div><div class=\"fusion-panel panel-default fusion-faq-post fusion-faq-post-3629 konyhabutor-keszites \"><span class=\"entry-title rich-snippet-hidden\">Wie erfolgt die Lieferung und Montage der K\u00fcchenm\u00f6bel?<\/span><span class=\"vcard rich-snippet-hidden\"><span class=\"fn\"><a href=\"https:\/\/pikpakbutor.eu\/de\/author\/laci\/\" title=\"Cserven\u00e1k L\u00e1szl\u00f3 bejegyz\u00e9se\" rel=\"author\">Cserven\u00e1k L\u00e1szl\u00f3<\/a><\/span><\/span><span class=\"updated rich-snippet-hidden\">2025-02-27T14:21:34+00:00<\/span><div class=\"panel-heading\"><h4 id=\"faq_1-3629\" class=\"panel-title toggle\"><a data-toggle=\"collapse\" class=\"collapsed\" data-parent=\"#accordian-1\" data-target=\"#collapse-1-3629\" href=\"#collapse-1-3629\" aria-expanded=\"false\"><div class=\"fusion-toggle-icon-wrapper\"><div class=\"fusion-toggle-icon-wrapper-main\"><div class=\"fusion-toggle-icon-wrapper-sub\"><i class=\"fa-fusion-box active-icon awb-icon-minus\" aria-hidden=\"true\"><\/i><i class=\"fa-fusion-box inactive-icon awb-icon-plus\" aria-hidden=\"true\"><\/i><\/div><\/div><\/div><div class=\"fusion-toggle-heading\">Wie erfolgt die Lieferung und Montage der K\u00fcchenm\u00f6bel?<\/div><\/a><\/h4><\/div><div id=\"collapse-1-3629\" aria-labelledby=\"faq_1-3629\" class=\"panel-collapse collapse\"><div class=\"panel-body toggle-content post-content\"><p>Die Lieferung und Montage der K\u00fcchenm\u00f6bel erfolgt durch unser eigenes Team. Dieser Service ist bereits im Preisangebot enthalten, sodass Sie sich nicht separat um die Logistik k\u00fcmmern m\u00fcssen.<\/p>\n<\/div><\/div><\/div><div class=\"fusion-panel panel-default fusion-faq-post fusion-faq-post-3627 konyhabutor-keszites \"><span class=\"entry-title rich-snippet-hidden\">Gibt es eine Garantie auf die fertigen K\u00fcchenm\u00f6bel?<\/span><span class=\"vcard rich-snippet-hidden\"><span class=\"fn\"><a href=\"https:\/\/pikpakbutor.eu\/de\/author\/laci\/\" title=\"Cserven\u00e1k L\u00e1szl\u00f3 bejegyz\u00e9se\" rel=\"author\">Cserven\u00e1k L\u00e1szl\u00f3<\/a><\/span><\/span><span class=\"updated rich-snippet-hidden\">2025-02-27T14:22:03+00:00<\/span><div class=\"panel-heading\"><h4 id=\"faq_1-3627\" class=\"panel-title toggle\"><a data-toggle=\"collapse\" class=\"collapsed\" data-parent=\"#accordian-1\" data-target=\"#collapse-1-3627\" href=\"#collapse-1-3627\" aria-expanded=\"false\"><div class=\"fusion-toggle-icon-wrapper\"><div class=\"fusion-toggle-icon-wrapper-main\"><div class=\"fusion-toggle-icon-wrapper-sub\"><i class=\"fa-fusion-box active-icon awb-icon-minus\" aria-hidden=\"true\"><\/i><i class=\"fa-fusion-box inactive-icon awb-icon-plus\" aria-hidden=\"true\"><\/i><\/div><\/div><\/div><div class=\"fusion-toggle-heading\">Gibt es eine Garantie auf die fertigen K\u00fcchenm\u00f6bel?<\/div><\/a><\/h4><\/div><div id=\"collapse-1-3627\" aria-labelledby=\"faq_1-3627\" class=\"panel-collapse collapse\"><div class=\"panel-body toggle-content post-content\"><p>Ja, wir bieten auf alle K\u00fcchenm\u00f6bel eine Garantie auf Herstellungsfehler und auch einen Kundendienst.<\/p>\n<\/div><\/div><\/div><\/div><\/div><\/div><\/div><\/div><\/div><div class=\"fusion-layout-column fusion_builder_column fusion-builder-column-2 fusion_builder_column_1_2 1_2 fusion-flex-column\" style=\"--awb-bg-size:cover;--awb-width-large:50%;--awb-margin-top-large:0px;--awb-spacing-right-large:55px;--awb-margin-bottom-large:0px;--awb-spacing-left-large:55px;--awb-width-medium:50%;--awb-order-medium:0;--awb-spacing-right-medium:55px;--awb-spacing-left-medium:55px;--awb-width-small:100%;--awb-order-small:0;--awb-spacing-right-small:55px;--awb-spacing-left-small:55px;\"><div class=\"fusion-column-wrapper fusion-column-has-shadow fusion-flex-justify-content-flex-start fusion-content-layout-column\"><div class=\"fusion-text fusion-text-2\"><h4>Neue M\u00f6belmontage<\/h4>\n<\/div><style type=\"text\/css\">.fusion-faqs-wrapper #accordian-2 .fusion-panel { border-color:hsla(var(--awb-color2-h),var(--awb-color2-s),calc(var(--awb-color2-l) - 5%),var(--awb-color2-a)); }.fusion-faqs-wrapper #accordian-2 .fusion-panel:hover{ border-color: var(--awb-color3); }.fusion-accordian #accordian-2 .panel-title a .fa-fusion-box:before{ font-size: 16px;width: 16px;}.fusion-accordian #accordian-2 .panel-title a .fa-fusion-box{ color: var(--awb-color1);}.fusion-accordian #accordian-2.fusion-toggle-icon-right .fusion-toggle-heading{ margin-right: 34px;}.fusion-accordian  #accordian-2 .panel-title a{font-size:20px;font-family:var(--awb-typography1-font-family);font-weight:var(--awb-typography1-font-weight);font-style:var(--awb-typography1-font-style);}.fusion-accordian  #accordian-2 .panel-title a:not(:hover){}.fusion-accordian  #accordian-2 .toggle-content{font-family:var(--awb-typography4-font-family);font-weight:var(--awb-typography4-font-weight);font-style:var(--awb-typography4-font-style);}.fusion-accordian #accordian-2 .fa-fusion-box { background-color: var(--awb-color4) !important;border-color: var(--awb-color4) !important;}.fusion-accordian #accordian-2 .panel-title a:hover,.fusion-accordian #accordian-2 .panel-title a.hover { color: var(--awb-color5);}.fusion-faq-shortcode .fusion-accordian #accordian-2 .fusion-toggle-boxed-mode:hover .panel-title a { color: var(--awb-color5);}.fusion-accordian #accordian-2 .panel-title .active .fa-fusion-box,.fusion-accordian #accordian-2 .panel-title a:hover .fa-fusion-box,.fusion-accordian #accordian-2 .panel-title a.hover .fa-fusion-box { background-color: var(--awb-color5)!important;border-color: var(--awb-color5)!important;}.fusion-faqs-wrapper .fusion-accordian  #accordian-2 .fusion-panel {padding-top: 8px;padding-bottom: 8px;}<\/style><div class=\"fusion-faq-shortcode\" style=\"\"><div class=\"fusion-faqs-wrapper\"><div class=\"accordian fusion-accordian\"><div class=\"panel-group  fusion-toggle-icon-right\" id=\"accordian-2\"><div class=\"fusion-panel panel-default fusion-faq-post fusion-faq-post-3637 butor-osszeszereles \"><span class=\"entry-title rich-snippet-hidden\">Welche Art von M\u00f6beln montieren Sie?<\/span><span class=\"vcard rich-snippet-hidden\"><span class=\"fn\"><a href=\"https:\/\/pikpakbutor.eu\/de\/author\/laci\/\" title=\"Cserven\u00e1k L\u00e1szl\u00f3 bejegyz\u00e9se\" rel=\"author\">Cserven\u00e1k L\u00e1szl\u00f3<\/a><\/span><\/span><span class=\"updated rich-snippet-hidden\">2025-02-27T14:20:23+00:00<\/span><div class=\"panel-heading\"><h4 id=\"faq_2-3637\" class=\"panel-title toggle\"><a data-toggle=\"collapse\" class=\"collapsed\" data-parent=\"#accordian-2\" data-target=\"#collapse-2-3637\" href=\"#collapse-2-3637\" aria-expanded=\"false\"><div class=\"fusion-toggle-icon-wrapper\"><div class=\"fusion-toggle-icon-wrapper-main\"><div class=\"fusion-toggle-icon-wrapper-sub\"><i class=\"fa-fusion-box active-icon awb-icon-minus\" aria-hidden=\"true\"><\/i><i class=\"fa-fusion-box inactive-icon awb-icon-plus\" aria-hidden=\"true\"><\/i><\/div><\/div><\/div><div class=\"fusion-toggle-heading\">Welche Art von M\u00f6beln montieren Sie?<\/div><\/a><\/h4><\/div><div id=\"collapse-2-3637\" aria-labelledby=\"faq_2-3637\" class=\"panel-collapse collapse\"><div class=\"panel-body toggle-content post-content\"><p>Die Montage von neu gekauften Markenm\u00f6beln (IKEA, JYSK, M\u00f6belix, etc.) \u00fcbernehmen wir ausschlie\u00dflich mit Garantie.<\/p>\n<\/div><\/div><\/div><div class=\"fusion-panel panel-default fusion-faq-post fusion-faq-post-4051 butor-osszeszereles \"><span class=\"entry-title rich-snippet-hidden\">Gibt es auf die Montage auch eine Garantie?<\/span><span class=\"vcard rich-snippet-hidden\"><span class=\"fn\"><a href=\"https:\/\/pikpakbutor.eu\/de\/author\/laci\/\" title=\"Cserven\u00e1k L\u00e1szl\u00f3 bejegyz\u00e9se\" rel=\"author\">Cserven\u00e1k L\u00e1szl\u00f3<\/a><\/span><\/span><span class=\"updated rich-snippet-hidden\">2025-02-27T14:18:49+00:00<\/span><div class=\"panel-heading\"><h4 id=\"faq_2-4051\" class=\"panel-title toggle\"><a data-toggle=\"collapse\" class=\"collapsed\" data-parent=\"#accordian-2\" data-target=\"#collapse-2-4051\" href=\"#collapse-2-4051\" aria-expanded=\"false\"><div class=\"fusion-toggle-icon-wrapper\"><div class=\"fusion-toggle-icon-wrapper-main\"><div class=\"fusion-toggle-icon-wrapper-sub\"><i class=\"fa-fusion-box active-icon awb-icon-minus\" aria-hidden=\"true\"><\/i><i class=\"fa-fusion-box inactive-icon awb-icon-plus\" aria-hidden=\"true\"><\/i><\/div><\/div><\/div><div class=\"fusion-toggle-heading\">Gibt es auf die Montage auch eine Garantie?<\/div><\/a><\/h4><\/div><div id=\"collapse-2-4051\" aria-labelledby=\"faq_2-4051\" class=\"panel-collapse collapse\"><div class=\"panel-body toggle-content post-content\"><p>Ja! F\u00fcr die Qualit\u00e4t der Montage geben wir volle Garantie!<\/p>\n<\/div><\/div><\/div><\/div><\/div><\/div><\/div><\/div><\/div><\/div><\/div>\n","protected":false},"excerpt":{"rendered":"","protected":false},"author":2,"featured_media":0,"parent":0,"menu_order":0,"comment_status":"closed","ping_status":"closed","template":"100-width.php","meta":{"footnotes":""},"class_list":["post-2727","page","type-page","status-publish","hentry"],"acf":[],"yoast_head":"<!-- This site is optimized with the Yoast SEO plugin v24.5 - https:\/\/yoast.com\/wordpress\/plugins\/seo\/ -->\n<title>H\u00e4ufig gestellte Fragen - Informationen zur M\u00f6belherstellung und -bestellung<\/title>\n<meta name=\"description\" content=\"H\u00e4ufig gestellte Fragen und Antworten zum M\u00f6belbau, Versand, Bestellvorgang und weiteren Details.\" \/>\n<meta name=\"robots\" content=\"noindex, follow, max-snippet:-1, max-image-preview:large, max-video-preview:-1\" \/>\n<meta property=\"og:locale\" content=\"hu_HU\" \/>\n<meta property=\"og:type\" content=\"article\" \/>\n<meta property=\"og:title\" content=\"H\u00e4ufig gestellte Fragen - Informationen zur M\u00f6belherstellung und -bestellung\" \/>\n<meta property=\"og:description\" content=\"H\u00e4ufig gestellte Fragen und Antworten zum M\u00f6belbau, Versand, Bestellvorgang und weiteren Details.\" \/>\n<meta property=\"og:url\" content=\"https:\/\/pikpakbutor.eu\/de\/haufig-gestellte-fragen\/\" \/>\n<meta property=\"og:site_name\" content=\"PikPak-M\u00f6bel - Tr\u00e4umen Sie es, wir bauen es\" \/>\n<meta property=\"article:modified_time\" content=\"2025-02-28T11:47:02+00:00\" \/>\n<meta name=\"twitter:card\" content=\"summary_large_image\" \/>\n<script type=\"application\/ld+json\" class=\"yoast-schema-graph\">{\"@context\":\"https:\/\/schema.org\",\"@graph\":[{\"@type\":\"WebPage\",\"@id\":\"https:\/\/pikpakbutor.eu\/de\/haufig-gestellte-fragen\/\",\"url\":\"https:\/\/pikpakbutor.eu\/de\/haufig-gestellte-fragen\/\",\"name\":\"H\u00e4ufig gestellte Fragen - Informationen zur M\u00f6belherstellung und -bestellung\",\"isPartOf\":{\"@id\":\"https:\/\/pikpakbutor.eu\/de\/#website\"},\"datePublished\":\"2023-11-14T16:29:52+00:00\",\"dateModified\":\"2025-02-28T11:47:02+00:00\",\"description\":\"H\u00e4ufig gestellte Fragen und Antworten zum M\u00f6belbau, Versand, Bestellvorgang und weiteren Details.\",\"breadcrumb\":{\"@id\":\"https:\/\/pikpakbutor.eu\/de\/haufig-gestellte-fragen\/#breadcrumb\"},\"inLanguage\":\"hu\",\"potentialAction\":[{\"@type\":\"ReadAction\",\"target\":[\"https:\/\/pikpakbutor.eu\/de\/haufig-gestellte-fragen\/\"]}]},{\"@type\":\"BreadcrumbList\",\"@id\":\"https:\/\/pikpakbutor.eu\/de\/haufig-gestellte-fragen\/#breadcrumb\",\"itemListElement\":[{\"@type\":\"ListItem\",\"position\":1,\"name\":\"Kezd\u0151lap\",\"item\":\"https:\/\/pikpakbutor.eu\/de\/\"},{\"@type\":\"ListItem\",\"position\":2,\"name\":\"H\u00e4ufig gestellte Fragen\"}]},{\"@type\":\"WebSite\",\"@id\":\"https:\/\/pikpakbutor.eu\/de\/#website\",\"url\":\"https:\/\/pikpakbutor.eu\/de\/\",\"name\":\"PikPak-M\u00f6bel - Tr\u00e4umen Sie es, wir bauen es\",\"description\":\"PikPak-M\u00f6bel - Tr\u00e4umen Sie es, wir bauen es\",\"potentialAction\":[{\"@type\":\"SearchAction\",\"target\":{\"@type\":\"EntryPoint\",\"urlTemplate\":\"https:\/\/pikpakbutor.eu\/de\/?s={search_term_string}\"},\"query-input\":{\"@type\":\"PropertyValueSpecification\",\"valueRequired\":true,\"valueName\":\"search_term_string\"}}],\"inLanguage\":\"hu\"}]}<\/script>\n<!-- \/ Yoast SEO plugin. -->","yoast_head_json":{"title":"H\u00e4ufig gestellte Fragen - Informationen zur M\u00f6belherstellung und -bestellung","description":"H\u00e4ufig gestellte Fragen und Antworten zum M\u00f6belbau, Versand, Bestellvorgang und weiteren Details.","robots":{"index":"noindex","follow":"follow","max-snippet":"max-snippet:-1","max-image-preview":"max-image-preview:large","max-video-preview":"max-video-preview:-1"},"og_locale":"hu_HU","og_type":"article","og_title":"H\u00e4ufig gestellte Fragen - Informationen zur M\u00f6belherstellung und -bestellung","og_description":"H\u00e4ufig gestellte Fragen und Antworten zum M\u00f6belbau, Versand, Bestellvorgang und weiteren Details.","og_url":"https:\/\/pikpakbutor.eu\/de\/haufig-gestellte-fragen\/","og_site_name":"PikPak-M\u00f6bel - Tr\u00e4umen Sie es, wir bauen es","article_modified_time":"2025-02-28T11:47:02+00:00","twitter_card":"summary_large_image","schema":{"@context":"https:\/\/schema.org","@graph":[{"@type":"WebPage","@id":"https:\/\/pikpakbutor.eu\/de\/haufig-gestellte-fragen\/","url":"https:\/\/pikpakbutor.eu\/de\/haufig-gestellte-fragen\/","name":"H\u00e4ufig gestellte Fragen - Informationen zur M\u00f6belherstellung und -bestellung","isPartOf":{"@id":"https:\/\/pikpakbutor.eu\/de\/#website"},"datePublished":"2023-11-14T16:29:52+00:00","dateModified":"2025-02-28T11:47:02+00:00","description":"H\u00e4ufig gestellte Fragen und Antworten zum M\u00f6belbau, Versand, Bestellvorgang und weiteren Details.","breadcrumb":{"@id":"https:\/\/pikpakbutor.eu\/de\/haufig-gestellte-fragen\/#breadcrumb"},"inLanguage":"hu","potentialAction":[{"@type":"ReadAction","target":["https:\/\/pikpakbutor.eu\/de\/haufig-gestellte-fragen\/"]}]},{"@type":"BreadcrumbList","@id":"https:\/\/pikpakbutor.eu\/de\/haufig-gestellte-fragen\/#breadcrumb","itemListElement":[{"@type":"ListItem","position":1,"name":"Kezd\u0151lap","item":"https:\/\/pikpakbutor.eu\/de\/"},{"@type":"ListItem","position":2,"name":"H\u00e4ufig gestellte Fragen"}]},{"@type":"WebSite","@id":"https:\/\/pikpakbutor.eu\/de\/#website","url":"https:\/\/pikpakbutor.eu\/de\/","name":"PikPak-M\u00f6bel - Tr\u00e4umen Sie es, wir bauen es","description":"PikPak-M\u00f6bel - Tr\u00e4umen Sie es, wir bauen es","potentialAction":[{"@type":"SearchAction","target":{"@type":"EntryPoint","urlTemplate":"https:\/\/pikpakbutor.eu\/de\/?s={search_term_string}"},"query-input":{"@type":"PropertyValueSpecification","valueRequired":true,"valueName":"search_term_string"}}],"inLanguage":"hu"}]}},"_links":{"self":[{"href":"https:\/\/pikpakbutor.eu\/de\/wp-json\/wp\/v2\/pages\/2727","targetHints":{"allow":["GET"]}}],"collection":[{"href":"https:\/\/pikpakbutor.eu\/de\/wp-json\/wp\/v2\/pages"}],"about":[{"href":"https:\/\/pikpakbutor.eu\/de\/wp-json\/wp\/v2\/types\/page"}],"author":[{"embeddable":true,"href":"https:\/\/pikpakbutor.eu\/de\/wp-json\/wp\/v2\/users\/2"}],"replies":[{"embeddable":true,"href":"https:\/\/pikpakbutor.eu\/de\/wp-json\/wp\/v2\/comments?post=2727"}],"version-history":[{"count":17,"href":"https:\/\/pikpakbutor.eu\/de\/wp-json\/wp\/v2\/pages\/2727\/revisions"}],"predecessor-version":[{"id":4368,"href":"https:\/\/pikpakbutor.eu\/de\/wp-json\/wp\/v2\/pages\/2727\/revisions\/4368"}],"wp:attachment":[{"href":"https:\/\/pikpakbutor.eu\/de\/wp-json\/wp\/v2\/media?parent=2727"}],"curies":[{"name":"wp","href":"https:\/\/api.w.org\/{rel}","templated":true}]}}