{"id":3,"date":"2024-07-05T09:42:54","date_gmt":"2024-07-05T09:42:54","guid":{"rendered":"https:\/\/pikpakbutor.eu\/de\/?page_id=3"},"modified":"2025-02-28T11:37:06","modified_gmt":"2025-02-28T11:37:06","slug":"datenaufzeichnung","status":"publish","type":"page","link":"https:\/\/pikpakbutor.eu\/de\/datenaufzeichnung\/","title":{"rendered":"Datenaufzeichnung"},"content":{"rendered":"<div class=\"fusion-fullwidth fullwidth-box fusion-builder-row-1 fusion-flex-container nonhundred-percent-fullwidth non-hundred-percent-height-scrolling\" style=\"--awb-border-radius-top-left:0px;--awb-border-radius-top-right:0px;--awb-border-radius-bottom-right:0px;--awb-border-radius-bottom-left:0px;--awb-flex-wrap:wrap;\" ><div class=\"fusion-builder-row fusion-row fusion-flex-align-items-flex-start fusion-flex-content-wrap\" style=\"max-width:1372.8px;margin-left: calc(-4% \/ 2 );margin-right: calc(-4% \/ 2 );\"><div class=\"fusion-layout-column fusion_builder_column fusion-builder-column-0 fusion_builder_column_1_1 1_1 fusion-flex-column\" style=\"--awb-bg-size:cover;--awb-width-large:100%;--awb-margin-top-large:0px;--awb-spacing-right-large:1.92%;--awb-margin-bottom-large:0px;--awb-spacing-left-large:1.92%;--awb-width-medium:100%;--awb-spacing-right-medium:1.92%;--awb-spacing-left-medium:1.92%;--awb-width-small:100%;--awb-spacing-right-small:1.92%;--awb-spacing-left-small:1.92%;\"><div class=\"fusion-column-wrapper fusion-flex-justify-content-flex-start fusion-content-layout-column\"><div class=\"fusion-text fusion-text-1\"><div class=\"flex max-w-full flex-col flex-grow\">\n<div class=\"min-h-8 text-message relative flex w-full flex-col items-end gap-2 whitespace-normal break-words text-start &#091;.text-message+&amp;&#093;:mt-5\" dir=\"auto\" data-message-author-role=\"assistant\" data-message-id=\"6b4baa3a-87a3-4228-b326-2404b355cb1f\" data-message-model-slug=\"gpt-4o\">\n<div class=\"flex w-full flex-col gap-1 empty:hidden first:pt-&#091;3px&#093;\">\n<div class=\"markdown prose w-full break-words dark:prose-invert light\">\n<h3 data-start=\"0\" data-end=\"53\"><strong data-start=\"4\" data-end=\"51\">D A T E N S C H U T Z I N F O R M A T I O N<\/strong><\/h3>\n<p data-start=\"55\" data-end=\"295\">Diese Datenschutzerkl\u00e4rung bietet Ihnen einen \u00dcberblick dar\u00fcber, wie die B\u00fator Pont Kft (Steuernummer: 32679113-2-13) den Schutz Ihrer Daten gew\u00e4hrleistet, welche Daten wir erfassen, zu welchem Zweck und auf welcher rechtlichen Grundlage.<\/p>\n<p data-start=\"297\" data-end=\"414\">Ihre Daten werden von der <strong data-start=\"323\" data-end=\"401\">B\u00fator Pont Kft Buchhaltungs- und Dienstleistungsoffene Handelsgesellschaft<\/strong> verwaltet.<\/p>\n<h4 data-start=\"416\" data-end=\"447\"><strong data-start=\"421\" data-end=\"445\">Unsere Kontaktdaten:<\/strong><\/h4>\n<ul data-start=\"448\" data-end=\"625\">\n<li data-start=\"448\" data-end=\"485\"><strong data-start=\"450\" data-end=\"467\">Firmennummer:<\/strong> Cg.13-09-237035<\/li>\n<li data-start=\"486\" data-end=\"521\"><strong data-start=\"488\" data-end=\"505\">Steuernummer:<\/strong> 32679113-2-13<\/li>\n<li data-start=\"522\" data-end=\"553\"><strong data-start=\"524\" data-end=\"536\">Telefon:<\/strong> 06\/70-232-0912<\/li>\n<li data-start=\"554\" data-end=\"589\"><strong data-start=\"556\" data-end=\"567\">E-Mail:<\/strong> <a rel=\"noopener\" data-start=\"568\" data-end=\"587\">info@pikpakbutor.eu<\/a><\/li>\n<li data-start=\"590\" data-end=\"625\"><strong data-start=\"592\" data-end=\"604\">Website:<\/strong> <a href=\"http:\/\/www.pikpakbutor.eu\" target=\"_new\" rel=\"noopener\" data-start=\"605\" data-end=\"623\">www.pikpakbutor.eu<\/a><\/li>\n<\/ul>\n<p data-start=\"627\" data-end=\"761\">Falls Sie Fragen zur Verarbeitung Ihrer Daten haben, k\u00f6nnen Sie sich gerne an den Datenschutzbeauftragten der B\u00fator Pont Kft wenden:<\/p>\n<ul data-start=\"763\" data-end=\"861\">\n<li data-start=\"763\" data-end=\"787\"><strong data-start=\"765\" data-end=\"774\">Name:<\/strong> Er\u0151s G\u00e1bor<\/li>\n<li data-start=\"788\" data-end=\"819\"><strong data-start=\"790\" data-end=\"802\">Telefon:<\/strong> 06\/70-232-0912<\/li>\n<li data-start=\"820\" data-end=\"861\"><strong data-start=\"822\" data-end=\"833\">E-Mail:<\/strong> <a rel=\"noopener\" data-start=\"834\" data-end=\"859\">eros.gabor@pikpakbutor.eu<\/a><\/li>\n<\/ul>\n<hr data-start=\"863\" data-end=\"866\" \/>\n<h3 data-start=\"868\" data-end=\"915\"><strong data-start=\"872\" data-end=\"913\">Rechtsgrundlage der Datenverarbeitung<\/strong><\/h3>\n<p data-start=\"916\" data-end=\"1099\">Die Datenverarbeitung der B\u00fator Pont Kft basiert auf Artikel 6 Absatz 1 Buchstabe b) der <strong data-start=\"1005\" data-end=\"1033\">Verordnung (EU) 2016\/679<\/strong> des Europ\u00e4ischen Parlaments und des Rates (nachfolgend: DSGVO).<\/p>\n<p data-start=\"1101\" data-end=\"1205\">Die B\u00fator Pont Kft verarbeitet Ihre Daten mit Ihrer Einwilligung, die Sie jederzeit widerrufen k\u00f6nnen.<\/p>\n<hr data-start=\"1207\" data-end=\"1210\" \/>\n<h3 data-start=\"1212\" data-end=\"1253\"><strong data-start=\"1216\" data-end=\"1251\">Erfasste personenbezogene Daten<\/strong><\/h3>\n<p data-start=\"1254\" data-end=\"1345\">Zu den personenbezogenen Daten, die Sie uns zur Verf\u00fcgung stellen, geh\u00f6ren unter anderem:<\/p>\n<ul data-start=\"1346\" data-end=\"1724\">\n<li data-start=\"1346\" data-end=\"1358\">Ihr Name<\/li>\n<li data-start=\"1359\" data-end=\"1432\">Ihre Adresse (Postleitzahl, Stadt, Stra\u00dfe und eventuelle Erg\u00e4nzungen)<\/li>\n<li data-start=\"1433\" data-end=\"1456\">Ihre E-Mail-Adresse<\/li>\n<li data-start=\"1457\" data-end=\"1477\">Ihr Geburtsdatum<\/li>\n<li data-start=\"1478\" data-end=\"1496\">Ihr Geschlecht<\/li>\n<li data-start=\"1497\" data-end=\"1540\">Ihre Telefonnummer und\/oder Mobilnummer<\/li>\n<li data-start=\"1541\" data-end=\"1602\">Ihre Zahlungsinformationen (Rechnungs- und Zahlungsdaten)<\/li>\n<li data-start=\"1603\" data-end=\"1659\">Der Name des Ihnen zur Verf\u00fcgung gestellten Produkts<\/li>\n<li data-start=\"1660\" data-end=\"1724\">Die Seriennummer des Ihnen zur Verf\u00fcgung gestellten Produkts<\/li>\n<\/ul>\n<hr data-start=\"1726\" data-end=\"1729\" \/>\n<h3 data-start=\"1731\" data-end=\"1775\"><strong data-start=\"1735\" data-end=\"1773\">Verwendung personenbezogener Daten<\/strong><\/h3>\n<p data-start=\"1776\" data-end=\"1873\">Wenn Sie uns Ihre personenbezogenen Daten \u00fcbermitteln, verwenden wir diese f\u00fcr folgende Zwecke:<\/p>\n<ul data-start=\"1874\" data-end=\"2130\">\n<li data-start=\"1874\" data-end=\"1905\">Beantwortung Ihrer Anfragen<\/li>\n<li data-start=\"1906\" data-end=\"1934\">Erstellung von Angeboten<\/li>\n<li data-start=\"1935\" data-end=\"1969\">Bearbeitung Ihrer Bestellungen<\/li>\n<li data-start=\"1970\" data-end=\"2009\">Bereitstellung technischer Beratung<\/li>\n<li data-start=\"2010\" data-end=\"2045\">Vertragsabschluss und Erf\u00fcllung<\/li>\n<li data-start=\"2046\" data-end=\"2102\">Verbesserung und Erbringung unserer Dienstleistungen<\/li>\n<li data-start=\"2103\" data-end=\"2130\">Kommunikation mit Ihnen<\/li>\n<\/ul>\n<hr data-start=\"2132\" data-end=\"2135\" \/>\n<h3 data-start=\"2137\" data-end=\"2181\"><strong data-start=\"2141\" data-end=\"2179\">Weitergabe personenbezogener Daten<\/strong><\/h3>\n<p data-start=\"2182\" data-end=\"2266\">Ihre Daten werden ausschlie\u00dflich von der B\u00fator Pont Kft gespeichert und verwaltet.<\/p>\n<p data-start=\"2268\" data-end=\"2363\">Die B\u00fator Pont Kft \u00fcbermittelt keine Daten an Drittl\u00e4nder oder internationale Organisationen.<\/p>\n<p data-start=\"2365\" data-end=\"2460\">Eine Weitergabe personenbezogener Daten an Dritte erfolgt ausschlie\u00dflich in folgenden F\u00e4llen:<\/p>\n<ul data-start=\"2461\" data-end=\"2943\">\n<li data-start=\"2461\" data-end=\"2615\"><strong data-start=\"2463\" data-end=\"2506\">Steuerliche und buchhalterische Zwecke:<\/strong> Ihre Rechnungs- und Zahlungsdaten werden ausschlie\u00dflich an das zust\u00e4ndige Buchhaltungsb\u00fcro weitergeleitet.<\/li>\n<li data-start=\"2616\" data-end=\"2943\"><strong data-start=\"2618\" data-end=\"2671\">Vertragliche oder dienstleistungsbezogene Zwecke:<\/strong> Falls f\u00fcr die Vertragserf\u00fcllung oder Dienstleistungserbringung Dritte (Lieferanten, Subunternehmer) erforderlich sind, erfolgt eine Weitergabe nur im unbedingt erforderlichen Umfang. Falls ein Dritter involviert wird, werden Sie dar\u00fcber gesondert im Vertrag informiert.<\/li>\n<\/ul>\n<hr data-start=\"2945\" data-end=\"2948\" \/>\n<h3 data-start=\"2950\" data-end=\"2995\"><strong data-start=\"2954\" data-end=\"2993\">Automatisierte Entscheidungsfindung<\/strong><\/h3>\n<p data-start=\"2996\" data-end=\"3199\">Die B\u00fator Pont Kft verwendet keine automatisierte Entscheidungsfindung auf Basis Ihrer personenbezogenen Daten. Ihre Daten werden nicht f\u00fcr die Erstellung von Profilen, Prognosen oder Analysen genutzt.<\/p>\n<hr data-start=\"3201\" data-end=\"3204\" \/>\n<h3 data-start=\"3206\" data-end=\"3253\"><strong data-start=\"3210\" data-end=\"3251\">Speicherdauer personenbezogener Daten<\/strong><\/h3>\n<p data-start=\"3254\" data-end=\"3401\">Ihre personenbezogenen Daten werden gespeichert, solange sie f\u00fcr den Verarbeitungszweck erforderlich sind oder bis Sie deren L\u00f6schung beantragen.<\/p>\n<h4 data-start=\"3403\" data-end=\"3447\"><strong data-start=\"3408\" data-end=\"3445\">L\u00f6schung personenbezogener Daten:<\/strong><\/h4>\n<p data-start=\"3448\" data-end=\"3515\">Ihre gespeicherten personenbezogenen Daten werden gel\u00f6scht, wenn:<\/p>\n<ul data-start=\"3516\" data-end=\"3708\">\n<li data-start=\"3516\" data-end=\"3568\">Sie Ihre Einwilligung zur Speicherung widerrufen<\/li>\n<li data-start=\"3569\" data-end=\"3640\">Die Daten f\u00fcr den urspr\u00fcnglichen Zweck nicht mehr erforderlich sind<\/li>\n<li data-start=\"3641\" data-end=\"3708\">Die Speicherung aus rechtlichen Gr\u00fcnden nicht mehr zul\u00e4ssig ist<\/li>\n<\/ul>\n<p data-start=\"3710\" data-end=\"3885\">Falls noch offene Nachweis-, Abrechnungs- oder buchhalterische Verpflichtungen bestehen, werden die Daten nur so lange gespeichert, wie es f\u00fcr diese Zwecke erforderlich ist.<\/p>\n<p data-start=\"3887\" data-end=\"3956\">Bitte richten Sie Ihren L\u00f6schungsantrag an: <strong data-start=\"3931\" data-end=\"3954\"><a rel=\"noopener\" data-start=\"3933\" data-end=\"3952\">info@pikpakbutor.eu<\/a><\/strong><\/p>\n<hr data-start=\"3958\" data-end=\"3961\" \/>\n<h3 data-start=\"3963\" data-end=\"4035\"><strong data-start=\"3967\" data-end=\"4020\">Datenverarbeitung bei der Nutzung unserer Website<\/strong> <em data-start=\"4021\" data-end=\"4033\">(optional)<\/em><\/h3>\n<p data-start=\"4036\" data-end=\"4142\">Unser Server speichert automatisch Log-Dateien mit folgenden Informationen, die Ihr Browser \u00fcbermittelt:<\/p>\n<ul data-start=\"4143\" data-end=\"4298\">\n<li data-start=\"4143\" data-end=\"4170\">Browsertyp und -version<\/li>\n<li data-start=\"4171\" data-end=\"4201\">Verwendetes Betriebssystem<\/li>\n<li data-start=\"4202\" data-end=\"4245\">Referrer-URL (die zuvor besuchte Seite)<\/li>\n<li data-start=\"4246\" data-end=\"4265\">Ihre IP-Adresse<\/li>\n<li data-start=\"4266\" data-end=\"4298\">Zeitpunkt des Serverzugriffs<\/li>\n<\/ul>\n<p data-start=\"4300\" data-end=\"4569\">Diese Daten sind f\u00fcr die B\u00fator Pont Kft nicht direkt mit einer bestimmten Person verkn\u00fcpfbar. Sie werden nicht mit anderen Datenquellen zusammengef\u00fchrt. Die gesammelten Informationen dienen ausschlie\u00dflich der statistischen Auswertung zur Verbesserung unserer Website.<\/p>\n<hr data-start=\"4571\" data-end=\"4574\" \/>\n<h3 data-start=\"4576\" data-end=\"4638\"><strong data-start=\"4580\" data-end=\"4636\">Recht auf Beschwerde bez\u00fcglich der Datenverarbeitung<\/strong><\/h3>\n<p data-start=\"4639\" data-end=\"4902\">Falls Sie der Meinung sind, dass wir gegen Datenschutzbestimmungen versto\u00dfen haben, k\u00f6nnen Sie eine Beschwerde bei der <strong data-start=\"4758\" data-end=\"4828\">Nationalen Beh\u00f6rde f\u00fcr Datenschutz und Informationsfreiheit (NAIH)<\/strong> einreichen oder rechtliche Schritte zur Wahrung Ihrer Rechte einleiten.<\/p>\n<h4 data-start=\"4904\" data-end=\"4951\"><strong data-start=\"4909\" data-end=\"4949\">Kontaktdaten der Datenschutzbeh\u00f6rde:<\/strong><\/h4>\n<ul data-start=\"4952\" data-end=\"5211\">\n<li data-start=\"4952\" data-end=\"5012\"><strong data-start=\"4954\" data-end=\"4966\">Adresse:<\/strong> 1125 Budapest, Szil\u00e1gyi Erzs\u00e9bet fasor 22\/c<\/li>\n<li data-start=\"5013\" data-end=\"5057\"><strong data-start=\"5015\" data-end=\"5033\">Postanschrift:<\/strong> 1530 Budapest, Pf. 5.<\/li>\n<li data-start=\"5058\" data-end=\"5091\"><strong data-start=\"5060\" data-end=\"5072\">Telefon:<\/strong> +36 (1) 391-1400<\/li>\n<li data-start=\"5092\" data-end=\"5121\"><strong data-start=\"5094\" data-end=\"5102\">Fax:<\/strong> +36 (1) 391-1410<\/li>\n<li data-start=\"5122\" data-end=\"5161\"><strong data-start=\"5124\" data-end=\"5135\">E-Mail:<\/strong> <a rel=\"noopener\" data-start=\"5136\" data-end=\"5159\">ugyfelszolgalat@naih.hu<\/a><\/li>\n<li data-start=\"5162\" data-end=\"5211\"><strong data-start=\"5164\" data-end=\"5176\">Website:<\/strong> <a href=\"http:\/\/naih.hu\" target=\"_new\" rel=\"noopener\" data-start=\"5177\" data-end=\"5209\">http:\/\/naih.hu<\/a><\/li>\n<\/ul>\n<p data-start=\"5213\" data-end=\"5328\" data-is-last-node=\"\" data-is-only-node=\"\">Sie k\u00f6nnen die Klage alternativ auch bei dem f\u00fcr Ihren Wohnsitz oder Aufenthaltsort zust\u00e4ndigen Gericht einreichen.<\/p>\n<\/div>\n<\/div>\n<\/div>\n<\/div>\n<\/div><\/div><\/div><\/div><\/div><!-- \/wp:post-content -->","protected":false},"excerpt":{"rendered":"","protected":false},"author":2,"featured_media":0,"parent":0,"menu_order":0,"comment_status":"closed","ping_status":"closed","template":"","meta":{"footnotes":""},"class_list":["post-3","page","type-page","status-publish","hentry"],"acf":[],"yoast_head":"<!-- This site is optimized with the Yoast SEO plugin v24.5 - https:\/\/yoast.com\/wordpress\/plugins\/seo\/ -->\n<title>Datenschutzrichtlinie - Sicheres Einkaufen auf der Website des M\u00f6belherstellersErfahren<\/title>\n<meta name=\"description\" content=\"Sie mehr \u00fcber unsere Datenschutzbestimmungen! Wie wir mit Ihren Daten umgehen, deren Sicherheit gew\u00e4hrleisten und garantieren\" \/>\n<meta name=\"robots\" content=\"noindex, follow, max-snippet:-1, max-image-preview:large, max-video-preview:-1\" \/>\n<meta property=\"og:locale\" content=\"hu_HU\" \/>\n<meta property=\"og:type\" content=\"article\" \/>\n<meta property=\"og:title\" content=\"Datenschutzrichtlinie - Sicheres Einkaufen auf der Website des M\u00f6belherstellersErfahren\" \/>\n<meta property=\"og:description\" content=\"Sie mehr \u00fcber unsere Datenschutzbestimmungen! Wie wir mit Ihren Daten umgehen, deren Sicherheit gew\u00e4hrleisten und garantieren\" \/>\n<meta property=\"og:url\" content=\"https:\/\/pikpakbutor.eu\/de\/datenaufzeichnung\/\" \/>\n<meta property=\"og:site_name\" content=\"PikPak-M\u00f6bel - Tr\u00e4umen Sie es, wir bauen es\" \/>\n<meta property=\"article:modified_time\" content=\"2025-02-28T11:37:06+00:00\" \/>\n<meta name=\"twitter:card\" content=\"summary_large_image\" \/>\n<meta name=\"twitter:label1\" content=\"Becs\u00fclt olvas\u00e1si id\u0151\" \/>\n\t<meta name=\"twitter:data1\" content=\"4 perc\" \/>\n<script type=\"application\/ld+json\" class=\"yoast-schema-graph\">{\"@context\":\"https:\/\/schema.org\",\"@graph\":[{\"@type\":\"WebPage\",\"@id\":\"https:\/\/pikpakbutor.eu\/de\/datenaufzeichnung\/\",\"url\":\"https:\/\/pikpakbutor.eu\/de\/datenaufzeichnung\/\",\"name\":\"Datenschutzrichtlinie - Sicheres Einkaufen auf der Website des M\u00f6belherstellersErfahren\",\"isPartOf\":{\"@id\":\"https:\/\/pikpakbutor.eu\/de\/#website\"},\"datePublished\":\"2024-07-05T09:42:54+00:00\",\"dateModified\":\"2025-02-28T11:37:06+00:00\",\"description\":\"Sie mehr \u00fcber unsere Datenschutzbestimmungen! Wie wir mit Ihren Daten umgehen, deren Sicherheit gew\u00e4hrleisten und garantieren\",\"breadcrumb\":{\"@id\":\"https:\/\/pikpakbutor.eu\/de\/datenaufzeichnung\/#breadcrumb\"},\"inLanguage\":\"hu\",\"potentialAction\":[{\"@type\":\"ReadAction\",\"target\":[\"https:\/\/pikpakbutor.eu\/de\/datenaufzeichnung\/\"]}]},{\"@type\":\"BreadcrumbList\",\"@id\":\"https:\/\/pikpakbutor.eu\/de\/datenaufzeichnung\/#breadcrumb\",\"itemListElement\":[{\"@type\":\"ListItem\",\"position\":1,\"name\":\"Kezd\u0151lap\",\"item\":\"https:\/\/pikpakbutor.eu\/de\/\"},{\"@type\":\"ListItem\",\"position\":2,\"name\":\"Datenaufzeichnung\"}]},{\"@type\":\"WebSite\",\"@id\":\"https:\/\/pikpakbutor.eu\/de\/#website\",\"url\":\"https:\/\/pikpakbutor.eu\/de\/\",\"name\":\"PikPak-M\u00f6bel - Tr\u00e4umen Sie es, wir bauen es\",\"description\":\"PikPak-M\u00f6bel - Tr\u00e4umen Sie es, wir bauen es\",\"potentialAction\":[{\"@type\":\"SearchAction\",\"target\":{\"@type\":\"EntryPoint\",\"urlTemplate\":\"https:\/\/pikpakbutor.eu\/de\/?s={search_term_string}\"},\"query-input\":{\"@type\":\"PropertyValueSpecification\",\"valueRequired\":true,\"valueName\":\"search_term_string\"}}],\"inLanguage\":\"hu\"}]}<\/script>\n<!-- \/ Yoast SEO plugin. -->","yoast_head_json":{"title":"Datenschutzrichtlinie - Sicheres Einkaufen auf der Website des M\u00f6belherstellersErfahren","description":"Sie mehr \u00fcber unsere Datenschutzbestimmungen! Wie wir mit Ihren Daten umgehen, deren Sicherheit gew\u00e4hrleisten und garantieren","robots":{"index":"noindex","follow":"follow","max-snippet":"max-snippet:-1","max-image-preview":"max-image-preview:large","max-video-preview":"max-video-preview:-1"},"og_locale":"hu_HU","og_type":"article","og_title":"Datenschutzrichtlinie - Sicheres Einkaufen auf der Website des M\u00f6belherstellersErfahren","og_description":"Sie mehr \u00fcber unsere Datenschutzbestimmungen! Wie wir mit Ihren Daten umgehen, deren Sicherheit gew\u00e4hrleisten und garantieren","og_url":"https:\/\/pikpakbutor.eu\/de\/datenaufzeichnung\/","og_site_name":"PikPak-M\u00f6bel - Tr\u00e4umen Sie es, wir bauen es","article_modified_time":"2025-02-28T11:37:06+00:00","twitter_card":"summary_large_image","twitter_misc":{"Becs\u00fclt olvas\u00e1si id\u0151":"4 perc"},"schema":{"@context":"https:\/\/schema.org","@graph":[{"@type":"WebPage","@id":"https:\/\/pikpakbutor.eu\/de\/datenaufzeichnung\/","url":"https:\/\/pikpakbutor.eu\/de\/datenaufzeichnung\/","name":"Datenschutzrichtlinie - Sicheres Einkaufen auf der Website des M\u00f6belherstellersErfahren","isPartOf":{"@id":"https:\/\/pikpakbutor.eu\/de\/#website"},"datePublished":"2024-07-05T09:42:54+00:00","dateModified":"2025-02-28T11:37:06+00:00","description":"Sie mehr \u00fcber unsere Datenschutzbestimmungen! Wie wir mit Ihren Daten umgehen, deren Sicherheit gew\u00e4hrleisten und garantieren","breadcrumb":{"@id":"https:\/\/pikpakbutor.eu\/de\/datenaufzeichnung\/#breadcrumb"},"inLanguage":"hu","potentialAction":[{"@type":"ReadAction","target":["https:\/\/pikpakbutor.eu\/de\/datenaufzeichnung\/"]}]},{"@type":"BreadcrumbList","@id":"https:\/\/pikpakbutor.eu\/de\/datenaufzeichnung\/#breadcrumb","itemListElement":[{"@type":"ListItem","position":1,"name":"Kezd\u0151lap","item":"https:\/\/pikpakbutor.eu\/de\/"},{"@type":"ListItem","position":2,"name":"Datenaufzeichnung"}]},{"@type":"WebSite","@id":"https:\/\/pikpakbutor.eu\/de\/#website","url":"https:\/\/pikpakbutor.eu\/de\/","name":"PikPak-M\u00f6bel - Tr\u00e4umen Sie es, wir bauen es","description":"PikPak-M\u00f6bel - Tr\u00e4umen Sie es, wir bauen es","potentialAction":[{"@type":"SearchAction","target":{"@type":"EntryPoint","urlTemplate":"https:\/\/pikpakbutor.eu\/de\/?s={search_term_string}"},"query-input":{"@type":"PropertyValueSpecification","valueRequired":true,"valueName":"search_term_string"}}],"inLanguage":"hu"}]}},"_links":{"self":[{"href":"https:\/\/pikpakbutor.eu\/de\/wp-json\/wp\/v2\/pages\/3","targetHints":{"allow":["GET"]}}],"collection":[{"href":"https:\/\/pikpakbutor.eu\/de\/wp-json\/wp\/v2\/pages"}],"about":[{"href":"https:\/\/pikpakbutor.eu\/de\/wp-json\/wp\/v2\/types\/page"}],"author":[{"embeddable":true,"href":"https:\/\/pikpakbutor.eu\/de\/wp-json\/wp\/v2\/users\/2"}],"replies":[{"embeddable":true,"href":"https:\/\/pikpakbutor.eu\/de\/wp-json\/wp\/v2\/comments?post=3"}],"version-history":[{"count":12,"href":"https:\/\/pikpakbutor.eu\/de\/wp-json\/wp\/v2\/pages\/3\/revisions"}],"predecessor-version":[{"id":4357,"href":"https:\/\/pikpakbutor.eu\/de\/wp-json\/wp\/v2\/pages\/3\/revisions\/4357"}],"wp:attachment":[{"href":"https:\/\/pikpakbutor.eu\/de\/wp-json\/wp\/v2\/media?parent=3"}],"curies":[{"name":"wp","href":"https:\/\/api.w.org\/{rel}","templated":true}]}}